{"id":2826,"date":"2018-06-21T09:17:58","date_gmt":"2018-06-21T09:17:58","guid":{"rendered":"http:\/\/abalistudios.com\/lefkada\/"},"modified":"2021-05-08T14:17:16","modified_gmt":"2021-05-08T14:17:16","slug":"lefkada","status":"publish","type":"page","link":"https:\/\/abalistudios.com\/it\/lefkada\/","title":{"rendered":"Lefkada"},"content":{"rendered":"\t\t<div data-elementor-type=\"wp-post\" data-elementor-id=\"2826\" class=\"elementor elementor-2826 elementor-423\">\n\t\t\t\t\t\t\t\t\t<section class=\"elementor-section elementor-top-section elementor-element elementor-element-2e291d18 elementor-section-stretched elementor-section-height-min-height elementor-section-boxed elementor-section-height-default elementor-section-items-middle\" data-id=\"2e291d18\" data-element_type=\"section\" data-settings=\"{&quot;stretch_section&quot;:&quot;section-stretched&quot;,&quot;background_background&quot;:&quot;classic&quot;,&quot;hoteller_ext_is_background_parallax&quot;:&quot;false&quot;,&quot;hoteller_ext_is_background_on_scroll&quot;:&quot;false&quot;}\">\n\t\t\t\t\t\t\t<div class=\"elementor-background-overlay\"><\/div>\n\t\t\t\t\t\t\t<div class=\"elementor-container elementor-column-gap-default\">\n\t\t\t\t\t<div class=\"elementor-column elementor-col-100 elementor-top-column elementor-element elementor-element-7568e395\" data-id=\"7568e395\" data-element_type=\"column\" data-settings=\"{&quot;hoteller_ext_is_scrollme&quot;:&quot;false&quot;,&quot;hoteller_ext_is_smoove&quot;:&quot;false&quot;,&quot;hoteller_ext_is_parallax_mouse&quot;:&quot;false&quot;,&quot;hoteller_ext_is_infinite&quot;:&quot;false&quot;,&quot;hoteller_ext_is_fadeout_animation&quot;:&quot;false&quot;}\">\n\t\t\t<div class=\"elementor-widget-wrap elementor-element-populated\">\n\t\t\t\t\t\t\t\t<div class=\"elementor-element elementor-element-5e915cbb elementor-invisible elementor-widget elementor-widget-heading\" data-id=\"5e915cbb\" data-element_type=\"widget\" data-settings=\"{&quot;_animation&quot;:&quot;fadeInUp&quot;,&quot;hoteller_ext_is_scrollme&quot;:&quot;false&quot;,&quot;hoteller_ext_is_smoove&quot;:&quot;false&quot;,&quot;hoteller_ext_is_parallax_mouse&quot;:&quot;false&quot;,&quot;hoteller_ext_is_infinite&quot;:&quot;false&quot;,&quot;hoteller_ext_is_fadeout_animation&quot;:&quot;false&quot;}\" data-widget_type=\"heading.default\">\n\t\t\t\t<div class=\"elementor-widget-container\">\n\t\t\t<h1 class=\"elementor-heading-title elementor-size-default\">Esplora Lefkada<\/h1>\t\t<\/div>\n\t\t\t\t<\/div>\n\t\t\t\t\t<\/div>\n\t\t<\/div>\n\t\t\t\t\t\t\t<\/div>\n\t\t<\/section>\n\t\t\t\t<section class=\"elementor-section elementor-top-section elementor-element elementor-element-af73848 elementor-section-boxed elementor-section-height-default elementor-section-height-default\" data-id=\"af73848\" data-element_type=\"section\" data-settings=\"{&quot;hoteller_ext_is_background_parallax&quot;:&quot;false&quot;,&quot;hoteller_ext_is_background_on_scroll&quot;:&quot;false&quot;}\">\n\t\t\t\t\t\t<div class=\"elementor-container elementor-column-gap-default\">\n\t\t\t\t\t<div class=\"elementor-column elementor-col-100 elementor-top-column elementor-element elementor-element-d27ca97\" data-id=\"d27ca97\" data-element_type=\"column\" data-settings=\"{&quot;hoteller_ext_is_scrollme&quot;:&quot;false&quot;,&quot;hoteller_ext_is_smoove&quot;:&quot;false&quot;,&quot;hoteller_ext_is_parallax_mouse&quot;:&quot;false&quot;,&quot;hoteller_ext_is_infinite&quot;:&quot;false&quot;,&quot;hoteller_ext_is_fadeout_animation&quot;:&quot;false&quot;}\">\n\t\t\t<div class=\"elementor-widget-wrap elementor-element-populated\">\n\t\t\t\t\t\t\t\t<div class=\"elementor-element elementor-element-cd0c7fd elementor-invisible elementor-widget elementor-widget-text-editor\" data-id=\"cd0c7fd\" data-element_type=\"widget\" data-settings=\"{&quot;_animation&quot;:&quot;fadeInUp&quot;,&quot;_animation_delay&quot;:1200,&quot;hoteller_ext_is_scrollme&quot;:&quot;false&quot;,&quot;hoteller_ext_is_smoove&quot;:&quot;false&quot;,&quot;hoteller_ext_is_parallax_mouse&quot;:&quot;false&quot;,&quot;hoteller_ext_is_infinite&quot;:&quot;false&quot;,&quot;hoteller_ext_is_fadeout_animation&quot;:&quot;false&quot;}\" data-widget_type=\"text-editor.default\">\n\t\t\t\t<div class=\"elementor-widget-container\">\n\t\t\t\t\t\t\t<section data-id=\"c230fd3\" data-element_type=\"section\"><div data-id=\"1aad598\" data-element_type=\"column\"><div data-id=\"4c7cfbb\" data-element_type=\"widget\" data-widget_type=\"text-editor.default\"><p>La natura \u00e8 stata davvero generosa a Lefkada poich\u00e9 ha dotato l&#8217;isola di spiagge e paesaggi meravigliosi in tutto il suo territorio.<\/p><p>Il nome dell&#8217;isola &#8220;Lefkada&#8221; deriva dal nome &#8220;Lefkas Petra&#8221; o &#8220;Lefkas Akra&#8221;, un antico nome dell&#8217;attuale Leukata, il capo meridionale dell&#8217;isola.<\/p><p>Le selvagge rocce bianche del promontorio dove, secondo il poeta Sapfo, ha concluso la sua vita in nome dell&#8217;amore, hanno dato il nome alla citt\u00e0, fondata dai Corinzi a Lefkada, e poi all&#8217;intera isola. Secondo il geografo Stravonas hanno ribattezzato l&#8217;antica citt\u00e0 di Nirikos in Lefkada, capitale dell&#8217;isola.<\/p><\/div><\/div><\/section>\t\t\t\t\t\t<\/div>\n\t\t\t\t<\/div>\n\t\t\t\t\t<\/div>\n\t\t<\/div>\n\t\t\t\t\t\t\t<\/div>\n\t\t<\/section>\n\t\t\t\t<section class=\"elementor-section elementor-top-section elementor-element elementor-element-ed5d5f5 elementor-section-stretched elementor-section-height-min-height elementor-section-boxed elementor-section-height-default elementor-section-items-middle elementor-invisible\" data-id=\"ed5d5f5\" data-element_type=\"section\" data-settings=\"{&quot;stretch_section&quot;:&quot;section-stretched&quot;,&quot;background_background&quot;:&quot;classic&quot;,&quot;animation&quot;:&quot;fadeIn&quot;,&quot;hoteller_ext_is_background_parallax&quot;:&quot;false&quot;,&quot;hoteller_ext_is_background_on_scroll&quot;:&quot;false&quot;}\">\n\t\t\t\t\t\t<div class=\"elementor-container elementor-column-gap-default\">\n\t\t\t\t\t<div class=\"elementor-column elementor-col-100 elementor-top-column elementor-element elementor-element-4c361e2\" data-id=\"4c361e2\" data-element_type=\"column\" data-settings=\"{&quot;hoteller_ext_is_scrollme&quot;:&quot;false&quot;,&quot;hoteller_ext_is_smoove&quot;:&quot;false&quot;,&quot;hoteller_ext_is_parallax_mouse&quot;:&quot;false&quot;,&quot;hoteller_ext_is_infinite&quot;:&quot;false&quot;,&quot;hoteller_ext_is_fadeout_animation&quot;:&quot;false&quot;}\">\n\t\t\t<div class=\"elementor-widget-wrap\">\n\t\t\t\t\t\t\t\t\t<\/div>\n\t\t<\/div>\n\t\t\t\t\t\t\t<\/div>\n\t\t<\/section>\n\t\t\t\t<section class=\"elementor-section elementor-top-section elementor-element elementor-element-5955283 elementor-section-boxed elementor-section-height-default elementor-section-height-default\" data-id=\"5955283\" data-element_type=\"section\" data-settings=\"{&quot;hoteller_ext_is_background_parallax&quot;:&quot;false&quot;,&quot;hoteller_ext_is_background_on_scroll&quot;:&quot;false&quot;}\">\n\t\t\t\t\t\t<div class=\"elementor-container elementor-column-gap-default\">\n\t\t\t\t\t<div class=\"elementor-column elementor-col-100 elementor-top-column elementor-element elementor-element-564dba8\" data-id=\"564dba8\" data-element_type=\"column\" data-settings=\"{&quot;hoteller_ext_is_scrollme&quot;:&quot;false&quot;,&quot;hoteller_ext_is_smoove&quot;:&quot;false&quot;,&quot;hoteller_ext_is_parallax_mouse&quot;:&quot;false&quot;,&quot;hoteller_ext_is_infinite&quot;:&quot;false&quot;,&quot;hoteller_ext_is_fadeout_animation&quot;:&quot;false&quot;}\">\n\t\t\t<div class=\"elementor-widget-wrap elementor-element-populated\">\n\t\t\t\t\t\t\t\t<div class=\"elementor-element elementor-element-c59af68 elementor-invisible elementor-widget elementor-widget-text-editor\" data-id=\"c59af68\" data-element_type=\"widget\" data-settings=\"{&quot;_animation&quot;:&quot;fadeInUp&quot;,&quot;hoteller_ext_is_scrollme&quot;:&quot;false&quot;,&quot;hoteller_ext_is_smoove&quot;:&quot;false&quot;,&quot;hoteller_ext_is_parallax_mouse&quot;:&quot;false&quot;,&quot;hoteller_ext_is_infinite&quot;:&quot;false&quot;,&quot;hoteller_ext_is_fadeout_animation&quot;:&quot;false&quot;}\" data-widget_type=\"text-editor.default\">\n\t\t\t\t<div class=\"elementor-widget-container\">\n\t\t\t\t\t\t\t<p>L&#8217;umanit\u00e0 a Lefkada pu\u00f2 essere fatta risalire al Paleolitico. L&#8217;illustre archeologo tedesco Wilhelm Dairepfeld, associato di Henry Schliemann negli scavi di Troia, condusse estese ricerche archeologiche a Nidri e port\u00f2 alla luce importanti scoperte dell&#8217;et\u00e0 del rame (2000 a.C.) e quindi inizi\u00f2 la teoria secondo cui Lefkada pu\u00f2 essere identificata con Omero Itaca .<\/p><p>L&#8217;antica citt\u00e0 di Nirikos, del VII secolo a.C., scoperta a Kalligoni a Koulmos, \u00e8 stata la prima capitale dell&#8217;isola. Era circondato da un grande muro, di cui \u00e8 rimasta solo una piccola parte.<\/p>\t\t\t\t\t\t<\/div>\n\t\t\t\t<\/div>\n\t\t\t\t\t<\/div>\n\t\t<\/div>\n\t\t\t\t\t\t\t<\/div>\n\t\t<\/section>\n\t\t\t\t<section class=\"elementor-section elementor-top-section elementor-element elementor-element-2cb0af3 elementor-section-boxed elementor-section-height-default elementor-section-height-default\" data-id=\"2cb0af3\" data-element_type=\"section\" data-settings=\"{&quot;hoteller_ext_is_background_parallax&quot;:&quot;false&quot;,&quot;hoteller_ext_is_background_on_scroll&quot;:&quot;false&quot;}\">\n\t\t\t\t\t\t<div class=\"elementor-container elementor-column-gap-default\">\n\t\t\t\t\t<div class=\"elementor-column elementor-col-100 elementor-top-column elementor-element elementor-element-f8884f2\" data-id=\"f8884f2\" data-element_type=\"column\" data-settings=\"{&quot;hoteller_ext_is_scrollme&quot;:&quot;false&quot;,&quot;hoteller_ext_is_smoove&quot;:&quot;false&quot;,&quot;hoteller_ext_is_parallax_mouse&quot;:&quot;false&quot;,&quot;hoteller_ext_is_infinite&quot;:&quot;false&quot;,&quot;hoteller_ext_is_fadeout_animation&quot;:&quot;false&quot;}\">\n\t\t\t<div class=\"elementor-widget-wrap elementor-element-populated\">\n\t\t\t\t\t\t\t\t<div class=\"elementor-element elementor-element-e81d4a3 elementor-invisible elementor-widget elementor-widget-image\" data-id=\"e81d4a3\" data-element_type=\"widget\" data-settings=\"{&quot;_animation&quot;:&quot;fadeInUp&quot;,&quot;hoteller_image_is_animation&quot;:&quot;false&quot;,&quot;hoteller_ext_is_scrollme&quot;:&quot;false&quot;,&quot;hoteller_ext_is_smoove&quot;:&quot;false&quot;,&quot;hoteller_ext_is_parallax_mouse&quot;:&quot;false&quot;,&quot;hoteller_ext_is_infinite&quot;:&quot;false&quot;,&quot;hoteller_ext_is_fadeout_animation&quot;:&quot;false&quot;}\" data-widget_type=\"image.default\">\n\t\t\t\t<div class=\"elementor-widget-container\">\n\t\t\t\t\t\t\t\t\t\t\t\t<figure class=\"wp-caption\">\n\t\t\t\t\t\t\t\t\t\t<img loading=\"lazy\" decoding=\"async\" width=\"1024\" height=\"768\" src=\"https:\/\/abalistudios.com\/wp-content\/uploads\/2021\/05\/lefkada-beaches-porto-katsiki-1024x768-1.jpg\" class=\"attachment-full size-full\" alt=\"\" srcset=\"https:\/\/abalistudios.com\/wp-content\/uploads\/2021\/05\/lefkada-beaches-porto-katsiki-1024x768-1.jpg 1024w, https:\/\/abalistudios.com\/wp-content\/uploads\/2021\/05\/lefkada-beaches-porto-katsiki-1024x768-1-300x225.jpg 300w, https:\/\/abalistudios.com\/wp-content\/uploads\/2021\/05\/lefkada-beaches-porto-katsiki-1024x768-1-768x576.jpg 768w, https:\/\/abalistudios.com\/wp-content\/uploads\/2021\/05\/lefkada-beaches-porto-katsiki-1024x768-1-440x330.jpg 440w\" sizes=\"auto, (max-width: 1024px) 100vw, 1024px\" \/>\t\t\t\t\t\t\t\t\t\t\t<figcaption class=\"widget-image-caption wp-caption-text\"><\/figcaption>\n\t\t\t\t\t\t\t\t\t\t<\/figure>\n\t\t\t\t\t\t\t\t\t<\/div>\n\t\t\t\t<\/div>\n\t\t\t\t<div class=\"elementor-element elementor-element-8b019b6 elementor-invisible elementor-widget elementor-widget-image\" data-id=\"8b019b6\" data-element_type=\"widget\" data-settings=\"{&quot;_animation&quot;:&quot;fadeInUp&quot;,&quot;hoteller_image_is_animation&quot;:&quot;false&quot;,&quot;hoteller_ext_is_scrollme&quot;:&quot;false&quot;,&quot;hoteller_ext_is_smoove&quot;:&quot;false&quot;,&quot;hoteller_ext_is_parallax_mouse&quot;:&quot;false&quot;,&quot;hoteller_ext_is_infinite&quot;:&quot;false&quot;,&quot;hoteller_ext_is_fadeout_animation&quot;:&quot;false&quot;}\" data-widget_type=\"image.default\">\n\t\t\t\t<div class=\"elementor-widget-container\">\n\t\t\t\t\t\t\t\t\t\t\t\t<figure class=\"wp-caption\">\n\t\t\t\t\t\t\t\t\t\t<img loading=\"lazy\" decoding=\"async\" width=\"1024\" height=\"640\" src=\"https:\/\/abalistudios.com\/wp-content\/uploads\/2021\/05\/lefkada-beaches-agios-ioannis-beach-1024x640-1.jpg\" class=\"attachment-full size-full\" alt=\"\" srcset=\"https:\/\/abalistudios.com\/wp-content\/uploads\/2021\/05\/lefkada-beaches-agios-ioannis-beach-1024x640-1.jpg 1024w, https:\/\/abalistudios.com\/wp-content\/uploads\/2021\/05\/lefkada-beaches-agios-ioannis-beach-1024x640-1-300x188.jpg 300w, https:\/\/abalistudios.com\/wp-content\/uploads\/2021\/05\/lefkada-beaches-agios-ioannis-beach-1024x640-1-768x480.jpg 768w, https:\/\/abalistudios.com\/wp-content\/uploads\/2021\/05\/lefkada-beaches-agios-ioannis-beach-1024x640-1-440x275.jpg 440w\" sizes=\"auto, (max-width: 1024px) 100vw, 1024px\" \/>\t\t\t\t\t\t\t\t\t\t\t<figcaption class=\"widget-image-caption wp-caption-text\"><\/figcaption>\n\t\t\t\t\t\t\t\t\t\t<\/figure>\n\t\t\t\t\t\t\t\t\t<\/div>\n\t\t\t\t<\/div>\n\t\t\t\t\t<\/div>\n\t\t<\/div>\n\t\t\t\t\t\t\t<\/div>\n\t\t<\/section>\n\t\t\t\t<section class=\"elementor-section elementor-top-section elementor-element elementor-element-ecf05fe elementor-section-boxed elementor-section-height-default elementor-section-height-default\" data-id=\"ecf05fe\" data-element_type=\"section\" data-settings=\"{&quot;hoteller_ext_is_background_parallax&quot;:&quot;false&quot;,&quot;hoteller_ext_is_background_on_scroll&quot;:&quot;false&quot;}\">\n\t\t\t\t\t\t<div class=\"elementor-container elementor-column-gap-default\">\n\t\t\t\t\t<div class=\"elementor-column elementor-col-100 elementor-top-column elementor-element elementor-element-30f2e0e\" data-id=\"30f2e0e\" data-element_type=\"column\" data-settings=\"{&quot;hoteller_ext_is_scrollme&quot;:&quot;false&quot;,&quot;hoteller_ext_is_smoove&quot;:&quot;false&quot;,&quot;hoteller_ext_is_parallax_mouse&quot;:&quot;false&quot;,&quot;hoteller_ext_is_infinite&quot;:&quot;false&quot;,&quot;hoteller_ext_is_fadeout_animation&quot;:&quot;false&quot;}\">\n\t\t\t<div class=\"elementor-widget-wrap elementor-element-populated\">\n\t\t\t\t\t\t\t\t<div class=\"elementor-element elementor-element-0f1da61 elementor-invisible elementor-widget elementor-widget-text-editor\" data-id=\"0f1da61\" data-element_type=\"widget\" data-settings=\"{&quot;_animation&quot;:&quot;fadeInUp&quot;,&quot;hoteller_ext_is_scrollme&quot;:&quot;false&quot;,&quot;hoteller_ext_is_smoove&quot;:&quot;false&quot;,&quot;hoteller_ext_is_parallax_mouse&quot;:&quot;false&quot;,&quot;hoteller_ext_is_infinite&quot;:&quot;false&quot;,&quot;hoteller_ext_is_fadeout_animation&quot;:&quot;false&quot;}\" data-widget_type=\"text-editor.default\">\n\t\t\t\t<div class=\"elementor-widget-container\">\n\t\t\t\t\t\t\t<p>La storia di Lefkada, dal VII secolo a.C. dopo essere diventata una colonia corinzia fino alla conquista romana, \u00e8 politicamente collegata alla citt\u00e0 di Corinto, a cui Lefkada segu\u00ec in tutti gli eventi importanti dell&#8217;epoca: la battaglia navale di Salamina, la battaglia di Platees, la guerra del Peloponneso come alleata degli Spartani e la spedizione di Alessandro Magno.<\/p><p>Se vuoi saperne di pi\u00f9 sulle spiagge di Lefkada, <a href=\"https:\/\/lefkadabeaches.gr\">clicca qui<\/a>.<\/p>\t\t\t\t\t\t<\/div>\n\t\t\t\t<\/div>\n\t\t\t\t\t<\/div>\n\t\t<\/div>\n\t\t\t\t\t\t\t<\/div>\n\t\t<\/section>\n\t\t\t\t\t\t\t<\/div>\n\t\t","protected":false},"excerpt":{"rendered":"<p>Esplora Lefkada La natura \u00e8 stata davvero generosa a Lefkada poich\u00e9 ha dotato l&#8217;isola di spiagge e paesaggi meravigliosi in tutto il suo territorio. Il nome dell&#8217;isola &#8220;Lefkada&#8221; deriva dal nome &#8220;Lefkas Petra&#8221; o &#8220;Lefkas Akra&#8221;, un antico nome dell&#8217;attuale [&hellip;]<\/p>\n","protected":false},"author":1,"featured_media":0,"parent":0,"menu_order":0,"comment_status":"closed","ping_status":"closed","template":"","meta":{"footnotes":""},"class_list":["post-2826","page","type-page","status-publish","hentry"],"yoast_head":"<!-- This site is optimized with the Yoast SEO plugin v18.8 - https:\/\/yoast.com\/wordpress\/plugins\/seo\/ -->\n<title>Lefkada - Abali Studios Lefkada - Accommodation Lefkada<\/title>\n<meta name=\"description\" content=\"La natura \u00e8 stata davvero generosa a Lefkada poich\u00e9 ha dotato l&#039;isola di spiagge e paesaggi meravigliosi in tutto il suo territorio.\" \/>\n<meta name=\"robots\" content=\"index, follow, max-snippet:-1, max-image-preview:large, max-video-preview:-1\" \/>\n<link rel=\"canonical\" href=\"https:\/\/abalistudios.com\/it\/lefkada\/\" \/>\n<meta property=\"og:locale\" content=\"it_IT\" \/>\n<meta property=\"og:type\" content=\"article\" \/>\n<meta property=\"og:title\" content=\"Lefkada - Abali Studios Lefkada - Accommodation Lefkada\" \/>\n<meta property=\"og:description\" content=\"La natura \u00e8 stata davvero generosa a Lefkada poich\u00e9 ha dotato l&#039;isola di spiagge e paesaggi meravigliosi in tutto il suo territorio.\" \/>\n<meta property=\"og:url\" content=\"https:\/\/abalistudios.com\/it\/lefkada\/\" \/>\n<meta property=\"og:site_name\" content=\"Abali Studios Lefkada - Accommodation Lefkada\" \/>\n<meta property=\"article:modified_time\" content=\"2021-05-08T14:17:16+00:00\" \/>\n<meta property=\"og:image\" content=\"https:\/\/abalistudios.com\/wp-content\/uploads\/2021\/05\/lefkada-beaches-porto-katsiki-1024x768-1.jpg\" \/>\n<meta name=\"twitter:card\" content=\"summary_large_image\" \/>\n<meta name=\"twitter:label1\" content=\"Tempo di lettura stimato\" \/>\n\t<meta name=\"twitter:data1\" content=\"2 minuti\" \/>\n<script type=\"application\/ld+json\" class=\"yoast-schema-graph\">{\"@context\":\"https:\/\/schema.org\",\"@graph\":[{\"@type\":\"WebSite\",\"@id\":\"https:\/\/abalistudios.com\/#website\",\"url\":\"https:\/\/abalistudios.com\/\",\"name\":\"Abali Studios Lefkada - Accommodation Lefkada\",\"description\":\"Abali Studios Lefkada - Accommodation Lefkada\",\"potentialAction\":[{\"@type\":\"SearchAction\",\"target\":{\"@type\":\"EntryPoint\",\"urlTemplate\":\"https:\/\/abalistudios.com\/?s={search_term_string}\"},\"query-input\":\"required name=search_term_string\"}],\"inLanguage\":\"it-IT\"},{\"@type\":\"ImageObject\",\"inLanguage\":\"it-IT\",\"@id\":\"https:\/\/abalistudios.com\/it\/lefkada\/#primaryimage\",\"url\":\"https:\/\/abalistudios.com\/wp-content\/uploads\/2021\/05\/lefkada-beaches-porto-katsiki-1024x768-1.jpg\",\"contentUrl\":\"https:\/\/abalistudios.com\/wp-content\/uploads\/2021\/05\/lefkada-beaches-porto-katsiki-1024x768-1.jpg\",\"width\":1024,\"height\":768},{\"@type\":\"WebPage\",\"@id\":\"https:\/\/abalistudios.com\/it\/lefkada\/#webpage\",\"url\":\"https:\/\/abalistudios.com\/it\/lefkada\/\",\"name\":\"Lefkada - Abali Studios Lefkada - Accommodation Lefkada\",\"isPartOf\":{\"@id\":\"https:\/\/abalistudios.com\/#website\"},\"primaryImageOfPage\":{\"@id\":\"https:\/\/abalistudios.com\/it\/lefkada\/#primaryimage\"},\"datePublished\":\"2018-06-21T09:17:58+00:00\",\"dateModified\":\"2021-05-08T14:17:16+00:00\",\"description\":\"La natura \u00e8 stata davvero generosa a Lefkada poich\u00e9 ha dotato l'isola di spiagge e paesaggi meravigliosi in tutto il suo territorio.\",\"breadcrumb\":{\"@id\":\"https:\/\/abalistudios.com\/it\/lefkada\/#breadcrumb\"},\"inLanguage\":\"it-IT\",\"potentialAction\":[{\"@type\":\"ReadAction\",\"target\":[\"https:\/\/abalistudios.com\/it\/lefkada\/\"]}]},{\"@type\":\"BreadcrumbList\",\"@id\":\"https:\/\/abalistudios.com\/it\/lefkada\/#breadcrumb\",\"itemListElement\":[{\"@type\":\"ListItem\",\"position\":1,\"name\":\"Home\",\"item\":\"https:\/\/abalistudios.com\/\"},{\"@type\":\"ListItem\",\"position\":2,\"name\":\"Lefkada\"}]}]}<\/script>\n<!-- \/ Yoast SEO plugin. -->","yoast_head_json":{"title":"Lefkada - Abali Studios Lefkada - Accommodation Lefkada","description":"La natura \u00e8 stata davvero generosa a Lefkada poich\u00e9 ha dotato l'isola di spiagge e paesaggi meravigliosi in tutto il suo territorio.","robots":{"index":"index","follow":"follow","max-snippet":"max-snippet:-1","max-image-preview":"max-image-preview:large","max-video-preview":"max-video-preview:-1"},"canonical":"https:\/\/abalistudios.com\/it\/lefkada\/","og_locale":"it_IT","og_type":"article","og_title":"Lefkada - Abali Studios Lefkada - Accommodation Lefkada","og_description":"La natura \u00e8 stata davvero generosa a Lefkada poich\u00e9 ha dotato l'isola di spiagge e paesaggi meravigliosi in tutto il suo territorio.","og_url":"https:\/\/abalistudios.com\/it\/lefkada\/","og_site_name":"Abali Studios Lefkada - Accommodation Lefkada","article_modified_time":"2021-05-08T14:17:16+00:00","og_image":[{"url":"https:\/\/abalistudios.com\/wp-content\/uploads\/2021\/05\/lefkada-beaches-porto-katsiki-1024x768-1.jpg"}],"twitter_card":"summary_large_image","twitter_misc":{"Tempo di lettura stimato":"2 minuti"},"schema":{"@context":"https:\/\/schema.org","@graph":[{"@type":"WebSite","@id":"https:\/\/abalistudios.com\/#website","url":"https:\/\/abalistudios.com\/","name":"Abali Studios Lefkada - Accommodation Lefkada","description":"Abali Studios Lefkada - Accommodation Lefkada","potentialAction":[{"@type":"SearchAction","target":{"@type":"EntryPoint","urlTemplate":"https:\/\/abalistudios.com\/?s={search_term_string}"},"query-input":"required name=search_term_string"}],"inLanguage":"it-IT"},{"@type":"ImageObject","inLanguage":"it-IT","@id":"https:\/\/abalistudios.com\/it\/lefkada\/#primaryimage","url":"https:\/\/abalistudios.com\/wp-content\/uploads\/2021\/05\/lefkada-beaches-porto-katsiki-1024x768-1.jpg","contentUrl":"https:\/\/abalistudios.com\/wp-content\/uploads\/2021\/05\/lefkada-beaches-porto-katsiki-1024x768-1.jpg","width":1024,"height":768},{"@type":"WebPage","@id":"https:\/\/abalistudios.com\/it\/lefkada\/#webpage","url":"https:\/\/abalistudios.com\/it\/lefkada\/","name":"Lefkada - Abali Studios Lefkada - Accommodation Lefkada","isPartOf":{"@id":"https:\/\/abalistudios.com\/#website"},"primaryImageOfPage":{"@id":"https:\/\/abalistudios.com\/it\/lefkada\/#primaryimage"},"datePublished":"2018-06-21T09:17:58+00:00","dateModified":"2021-05-08T14:17:16+00:00","description":"La natura \u00e8 stata davvero generosa a Lefkada poich\u00e9 ha dotato l'isola di spiagge e paesaggi meravigliosi in tutto il suo territorio.","breadcrumb":{"@id":"https:\/\/abalistudios.com\/it\/lefkada\/#breadcrumb"},"inLanguage":"it-IT","potentialAction":[{"@type":"ReadAction","target":["https:\/\/abalistudios.com\/it\/lefkada\/"]}]},{"@type":"BreadcrumbList","@id":"https:\/\/abalistudios.com\/it\/lefkada\/#breadcrumb","itemListElement":[{"@type":"ListItem","position":1,"name":"Home","item":"https:\/\/abalistudios.com\/"},{"@type":"ListItem","position":2,"name":"Lefkada"}]}]}},"_links":{"self":[{"href":"https:\/\/abalistudios.com\/it\/wp-json\/wp\/v2\/pages\/2826","targetHints":{"allow":["GET"]}}],"collection":[{"href":"https:\/\/abalistudios.com\/it\/wp-json\/wp\/v2\/pages"}],"about":[{"href":"https:\/\/abalistudios.com\/it\/wp-json\/wp\/v2\/types\/page"}],"author":[{"embeddable":true,"href":"https:\/\/abalistudios.com\/it\/wp-json\/wp\/v2\/users\/1"}],"replies":[{"embeddable":true,"href":"https:\/\/abalistudios.com\/it\/wp-json\/wp\/v2\/comments?post=2826"}],"version-history":[{"count":7,"href":"https:\/\/abalistudios.com\/it\/wp-json\/wp\/v2\/pages\/2826\/revisions"}],"predecessor-version":[{"id":2875,"href":"https:\/\/abalistudios.com\/it\/wp-json\/wp\/v2\/pages\/2826\/revisions\/2875"}],"wp:attachment":[{"href":"https:\/\/abalistudios.com\/it\/wp-json\/wp\/v2\/media?parent=2826"}],"curies":[{"name":"wp","href":"https:\/\/api.w.org\/{rel}","templated":true}]}}